{"id":1969,"date":"2022-09-05T05:37:03","date_gmt":"2022-09-05T05:37:03","guid":{"rendered":"https:\/\/www.elsayegh.dental\/?page_id=1969"},"modified":"2024-07-15T04:22:57","modified_gmt":"2024-07-15T04:22:57","slug":"elementor-1969","status":"publish","type":"page","link":"https:\/\/www.elsayegh.dental\/fr\/elementor-1969\/","title":{"rendered":"Politique de Confidentialit\u00e9"},"content":{"rendered":"<h1>Politique de Confidentialit\u00e9 de l'EDC<\/h1>\n<p>\u00c0 la <a href=\"https:\/\/www.elsayegh.dental\/fr\/\">Clinique Dentaire Elsayegh<\/a>, accessible depuis elsayegh.dental, l'une de nos principales priorit\u00e9s est la confidentialit\u00e9 de nos visiteurs. Ce document de Politique de Confidentialit\u00e9 de l'EDC contient des types d'informations qui sont collect\u00e9es et enregistr\u00e9es par la Clinique Dentaire Elsayegh et comment nous les utilisons.<br \/>\nSi vous avez des questions ou souhaitez d'informations suppl\u00e9mentaires sur notre Politique de Confidentialit\u00e9, n'h\u00e9sitez pas \u00e0 nous contacter.<br \/>\nCette Politique de Confidentialit\u00e9 s'applique uniquement \u00e0 nos activit\u00e9s en ligne et est valable pour les visiteurs de notre site web en ce qui concerne les informations partag\u00e9es et\/ou collect\u00e9es dans la Clinique Dentaire Elsayegh. Cette politique ne s'applique pas aux informations collect\u00e9es hors ligne ou via des canaux autres que ce site web.<\/p>\n<h1>CONSENTEMENT<\/h1>\n<p>En utilisant notre site web, vous consentez par la pr\u00e9sente \u00e0 la Politique de Confidentialit\u00e9 de l'EDC et acceptez ses conditions.<\/p>\n<h1>Informations que nous collectons<\/h1>\n<p>Les informations personnelles que vous \u00eates invit\u00e9 \u00e0 fournir, et les raisons pour lesquelles vous \u00eates invit\u00e9 \u00e0 les fournir, vous seront pr\u00e9cis\u00e9es au moment o\u00f9 nous vous demanderons de fournir vos informations personnelles.<\/p>\n<p>Si vous nous contactez directement, nous pouvons recevoir des informations suppl\u00e9mentaires vous concernant telles que votre nom, votre adresse e-mail, votre num\u00e9ro de t\u00e9l\u00e9phone, le contenu du message et\/ou des pi\u00e8ces jointes que vous pouvez nous envoyer, et toute autre information que vous pouvez choisir de fournir.<\/p>\n<h1>Comment nous utilisons vos informations<\/h1>\n<p>Nous utilisons les informations que nous collectons de diff\u00e9rentes mani\u00e8res, pour :<br \/>\n\u2013 Fournir, exploiter et maintenir notre site web<br \/>\n\u2013 Am\u00e9liorer, personnaliser et d\u00e9velopper notre site web<br \/>\n\u2013 Comprendre et analyser la fa\u00e7on dont vous utilisez notre site web<br \/>\n\u2013 D\u00e9velopper de nouveaux produits, services, caract\u00e9ristiques et fonctionnalit\u00e9s<br \/>\n\u2013 Communiquer avec vous, directement ou par l'interm\u00e9diaire de l'un de nos partenaires, y compris pour le service client\u00e8le, pour vous fournir des mises \u00e0 jour et d'autres informations relatives au site web, et \u00e0 des fins de marketing et de promotion<br \/>\n\u2013 Vous envoyer des e-mails<br \/>\n\u2013 D\u00e9tecter et pr\u00e9venir la fraude<\/p>\n<h1>Fichiers LOG<\/h1>\n<p>La Clinique Dentaire Elsayegh suit une proc\u00e9dure standard d'utilisation des fichiers log. Ces fichiers enregistrent les visiteurs lorsqu'ils visitent des sites web. Toutes les soci\u00e9t\u00e9s d'h\u00e9bergement le font et font partie de l'analyse des services d'h\u00e9bergement. Les informations collect\u00e9es par les fichiers journaux incluent les adresses IP (protocole Internet), le type de navigateur, le fournisseur d'acc\u00e8s Internet (FAI), l'horodatage, les pages de renvoi\/sortie et \u00e9ventuellement le nombre de clics. Ceux-ci ne sont li\u00e9s \u00e0 aucune information personnellement identifiable. Le but de l'information est d'analyser les tendances, d'administrer le site, de suivre les mouvements des utilisateurs sur le site web et de recueillir des informations d\u00e9mographiques.<\/p>\n<h1>Cookies et Balises Web<\/h1>\n<p>Like any other website, Elsayegh Dental Clinic uses &#8216;cookies&#8217;. The visitors&#8217; preferences and website pages that the visitor accessed or visited are stored in these cookies. The information is used to optimize the users&#8217; experience by customizing our web page content based on visitors browser type and\/or other information.<\/p>\n<h1>Informations des Enfants<\/h1>\n<p>Une autre partie de notre priorit\u00e9 est d'ajouter une protection pour les enfants lors de l'utilisation d'Internet. Nous encourageons les parents et les tuteurs \u00e0 observer, participer et\/ou surveiller et guider leur activit\u00e9 en ligne.<br \/>\nElsayegh Dental Clinic ne collecte sciemment aucune information personnelle identifiable d'enfants de moins de 13 ans. Si vous pensez que votre enfant a fourni ce type d'informations sur notre site web, nous vous encourageons fortement \u00e0 nous contacter imm\u00e9diatement et nous ferons de notre mieux pour supprimer rapidement ces informations de nos dossiers.<\/p>","protected":false},"excerpt":{"rendered":"<p>EDC Privacy Policy At Elsayegh Dental Clinic, accessible from elsayegh dental, one of our main priorities is the privacy of our visitors. This EDC Privacy Policy document contains types of information that is collected and recorded by Elsayegh Dental Clinic and how we use it. If you have additional questions or require more information about [&hellip;]<\/p>\n","protected":false},"author":2,"featured_media":0,"parent":0,"menu_order":0,"comment_status":"closed","ping_status":"closed","template":"","meta":{"_acf_changed":false,"nf_dc_page":"","om_disable_all_campaigns":false,"_monsterinsights_skip_tracking":false,"_monsterinsights_sitenote_active":false,"_monsterinsights_sitenote_note":"","_monsterinsights_sitenote_category":0,"_uf_show_specific_survey":0,"_uf_disable_surveys":false,"ocean_post_layout":"full-width","ocean_both_sidebars_style":"","ocean_both_sidebars_content_width":0,"ocean_both_sidebars_sidebars_width":0,"ocean_sidebar":"0","ocean_second_sidebar":"0","ocean_disable_margins":"enable","ocean_add_body_class":"","ocean_shortcode_before_top_bar":"","ocean_shortcode_after_top_bar":"","ocean_shortcode_before_header":"","ocean_shortcode_after_header":"","ocean_has_shortcode":"","ocean_shortcode_after_title":"","ocean_shortcode_before_footer_widgets":"","ocean_shortcode_after_footer_widgets":"","ocean_shortcode_before_footer_bottom":"","ocean_shortcode_after_footer_bottom":"","ocean_display_top_bar":"default","ocean_display_header":"default","ocean_header_style":"","ocean_center_header_left_menu":"0","ocean_custom_header_template":"0","ocean_custom_logo":0,"ocean_custom_retina_logo":0,"ocean_custom_logo_max_width":0,"ocean_custom_logo_tablet_max_width":0,"ocean_custom_logo_mobile_max_width":0,"ocean_custom_logo_max_height":0,"ocean_custom_logo_tablet_max_height":0,"ocean_custom_logo_mobile_max_height":0,"ocean_header_custom_menu":"0","ocean_menu_typo_font_family":"0","ocean_menu_typo_font_subset":"","ocean_menu_typo_font_size":0,"ocean_menu_typo_font_size_tablet":0,"ocean_menu_typo_font_size_mobile":0,"ocean_menu_typo_font_size_unit":"px","ocean_menu_typo_font_weight":"","ocean_menu_typo_font_weight_tablet":"","ocean_menu_typo_font_weight_mobile":"","ocean_menu_typo_transform":"","ocean_menu_typo_transform_tablet":"","ocean_menu_typo_transform_mobile":"","ocean_menu_typo_line_height":0,"ocean_menu_typo_line_height_tablet":0,"ocean_menu_typo_line_height_mobile":0,"ocean_menu_typo_line_height_unit":"","ocean_menu_typo_spacing":0,"ocean_menu_typo_spacing_tablet":0,"ocean_menu_typo_spacing_mobile":0,"ocean_menu_typo_spacing_unit":"","ocean_menu_link_color":"","ocean_menu_link_color_hover":"","ocean_menu_link_color_active":"","ocean_menu_link_background":"","ocean_menu_link_hover_background":"","ocean_menu_link_active_background":"","ocean_menu_social_links_bg":"","ocean_menu_social_hover_links_bg":"","ocean_menu_social_links_color":"","ocean_menu_social_hover_links_color":"","ocean_disable_title":"default","ocean_disable_heading":"default","ocean_post_title":"","ocean_post_subheading":"","ocean_post_title_style":"","ocean_post_title_background_color":"","ocean_post_title_background":0,"ocean_post_title_bg_image_position":"","ocean_post_title_bg_image_attachment":"","ocean_post_title_bg_image_repeat":"","ocean_post_title_bg_image_size":"","ocean_post_title_height":0,"ocean_post_title_bg_overlay":0.5,"ocean_post_title_bg_overlay_color":"","ocean_disable_breadcrumbs":"default","ocean_breadcrumbs_color":"","ocean_breadcrumbs_separator_color":"","ocean_breadcrumbs_links_color":"","ocean_breadcrumbs_links_hover_color":"","ocean_display_footer_widgets":"default","ocean_display_footer_bottom":"default","ocean_custom_footer_template":"0","footnotes":""},"class_list":["post-1969","page","type-page","status-publish","hentry","entry"],"acf":[],"aioseo_notices":[],"jetpack_sharing_enabled":true,"_links":{"self":[{"href":"https:\/\/www.elsayegh.dental\/fr\/wp-json\/wp\/v2\/pages\/1969","targetHints":{"allow":["GET"]}}],"collection":[{"href":"https:\/\/www.elsayegh.dental\/fr\/wp-json\/wp\/v2\/pages"}],"about":[{"href":"https:\/\/www.elsayegh.dental\/fr\/wp-json\/wp\/v2\/types\/page"}],"author":[{"embeddable":true,"href":"https:\/\/www.elsayegh.dental\/fr\/wp-json\/wp\/v2\/users\/2"}],"replies":[{"embeddable":true,"href":"https:\/\/www.elsayegh.dental\/fr\/wp-json\/wp\/v2\/comments?post=1969"}],"version-history":[{"count":5,"href":"https:\/\/www.elsayegh.dental\/fr\/wp-json\/wp\/v2\/pages\/1969\/revisions"}],"predecessor-version":[{"id":2236,"href":"https:\/\/www.elsayegh.dental\/fr\/wp-json\/wp\/v2\/pages\/1969\/revisions\/2236"}],"wp:attachment":[{"href":"https:\/\/www.elsayegh.dental\/fr\/wp-json\/wp\/v2\/media?parent=1969"}],"curies":[{"name":"wp","href":"https:\/\/api.w.org\/{rel}","templated":true}]}}